{"id":2201,"date":"2025-10-23T10:17:45","date_gmt":"2025-10-23T10:17:45","guid":{"rendered":"https:\/\/senzavoetreflexmassage.nl\/index.php\/product\/product-2\/"},"modified":"2025-11-04T15:34:44","modified_gmt":"2025-11-04T15:34:44","slug":"product-2","status":"publish","type":"product","link":"https:\/\/senzavoetreflexmassage.nl\/index.php\/product\/product-2\/","title":{"rendered":"D\u014dTERRA fluoride-vrije tandapasta"},"content":{"rendered":"<p>D\u014dTERRA fluoride-vrije tandapasta is vernieuwd en nu nog beter! Deze natuurlijke whitening tandpasta combineert de beschermende voordelen van On Guard essenti\u00eble olie met andere natuurlijke ingredi\u00ebnten die helpen bij het reinigen van tanden. De tandpasta helpt tandplak te verminderen en tanden te reinigen met een zacht polijstmiddel. De On Guard blend met etherische oli\u00ebn van Wild Orange, Clove, Cinnamon, Eucalyptus en Rosemary zorgt voor een extra opkikker van de weerstand in de mond. Extra essenti\u00eble oli\u00ebn van Mirre, Pepermunt, Wintergroen en de natuurlijke zoetstof Xylitol, geven de d\u014dTERRA On Guard tandpasta een verfrissend unieke kaneel-muntsmaak. Zorg voor een frisse adem en schone tanden, de hele dag lang!<\/p>\n","protected":false},"excerpt":{"rendered":"<p>D\u014dTERRA fluoride-vrije tandapasta is vernieuwd en nu nog beter!<\/p>\n","protected":false},"featured_media":2199,"comment_status":"open","ping_status":"closed","template":"","meta":[],"product_brand":[],"product_cat":[16],"product_tag":[],"class_list":{"0":"post-2201","1":"product","2":"type-product","3":"status-publish","4":"has-post-thumbnail","6":"product_cat-geen-categorie","8":"first","9":"instock","10":"shipping-taxable","11":"purchasable","12":"product-type-simple"},"jetpack_sharing_enabled":true,"_links":{"self":[{"href":"https:\/\/senzavoetreflexmassage.nl\/index.php\/wp-json\/wp\/v2\/product\/2201","targetHints":{"allow":["GET"]}}],"collection":[{"href":"https:\/\/senzavoetreflexmassage.nl\/index.php\/wp-json\/wp\/v2\/product"}],"about":[{"href":"https:\/\/senzavoetreflexmassage.nl\/index.php\/wp-json\/wp\/v2\/types\/product"}],"replies":[{"embeddable":true,"href":"https:\/\/senzavoetreflexmassage.nl\/index.php\/wp-json\/wp\/v2\/comments?post=2201"}],"wp:featuredmedia":[{"embeddable":true,"href":"https:\/\/senzavoetreflexmassage.nl\/index.php\/wp-json\/wp\/v2\/media\/2199"}],"wp:attachment":[{"href":"https:\/\/senzavoetreflexmassage.nl\/index.php\/wp-json\/wp\/v2\/media?parent=2201"}],"wp:term":[{"taxonomy":"product_brand","embeddable":true,"href":"https:\/\/senzavoetreflexmassage.nl\/index.php\/wp-json\/wp\/v2\/product_brand?post=2201"},{"taxonomy":"product_cat","embeddable":true,"href":"https:\/\/senzavoetreflexmassage.nl\/index.php\/wp-json\/wp\/v2\/product_cat?post=2201"},{"taxonomy":"product_tag","embeddable":true,"href":"https:\/\/senzavoetreflexmassage.nl\/index.php\/wp-json\/wp\/v2\/product_tag?post=2201"}],"curies":[{"name":"wp","href":"https:\/\/api.w.org\/{rel}","templated":true}]}}